{"id":465,"date":"2022-04-24T22:08:46","date_gmt":"2022-04-24T22:08:46","guid":{"rendered":"https:\/\/architect.oceanwp.org\/?page_id=465"},"modified":"2026-04-03T15:51:42","modified_gmt":"2026-04-03T13:51:42","slug":"home","status":"publish","type":"page","link":"https:\/\/feuerwehr-waldbuettelbrunn.de\/","title":{"rendered":"Home"},"content":{"rendered":"\t\t<div data-elementor-type=\"wp-page\" data-elementor-id=\"465\" class=\"elementor elementor-465\">\n\t\t\t\t\t\t<section class=\"elementor-section elementor-top-section elementor-element elementor-element-67bccc4 elementor-section-height-min-height elementor-section-boxed elementor-section-height-default elementor-section-items-middle\" data-id=\"67bccc4\" data-element_type=\"section\" data-e-type=\"section\" data-settings=\"{&quot;background_background&quot;:&quot;slideshow&quot;,&quot;background_slideshow_gallery&quot;:[{&quot;id&quot;:472,&quot;url&quot;:&quot;https:\\\/\\\/architect.oceanwp.org\\\/wp-content\\\/uploads\\\/2022\\\/04\\\/oceanwp-architect-image-003.jpg&quot;},{&quot;id&quot;:473,&quot;url&quot;:&quot;https:\\\/\\\/architect.oceanwp.org\\\/wp-content\\\/uploads\\\/2022\\\/04\\\/oceanwp-architect-image-001.jpg&quot;},{&quot;id&quot;:474,&quot;url&quot;:&quot;https:\\\/\\\/architect.oceanwp.org\\\/wp-content\\\/uploads\\\/2022\\\/04\\\/oceanwp-architect-image-002.jpg&quot;}],&quot;background_slideshow_loop&quot;:&quot;yes&quot;,&quot;background_slideshow_slide_duration&quot;:5000,&quot;background_slideshow_slide_transition&quot;:&quot;fade&quot;,&quot;background_slideshow_transition_duration&quot;:500}\">\n\t\t\t\t\t\t\t<div class=\"elementor-background-overlay\"><\/div>\n\t\t\t\t\t\t\t<div class=\"elementor-container elementor-column-gap-default\">\n\t\t\t\t\t<div class=\"elementor-column elementor-col-100 elementor-top-column elementor-element elementor-element-23a601b\" data-id=\"23a601b\" data-element_type=\"column\" data-e-type=\"column\">\n\t\t\t<div class=\"elementor-widget-wrap elementor-element-populated\">\n\t\t\t\t\t\t<div class=\"elementor-element elementor-element-fb64808 elementor-widget-divider--view-line elementor-widget elementor-widget-divider\" data-id=\"fb64808\" data-element_type=\"widget\" data-e-type=\"widget\" data-widget_type=\"divider.default\">\n\t\t\t\t\t\t\t<div class=\"elementor-divider\">\n\t\t\t<span class=\"elementor-divider-separator\">\n\t\t\t\t\t\t<\/span>\n\t\t<\/div>\n\t\t\t\t\t\t<\/div>\n\t\t\t\t<div class=\"elementor-element elementor-element-5c316fb elementor-widget elementor-widget-heading\" data-id=\"5c316fb\" data-element_type=\"widget\" data-e-type=\"widget\" data-widget_type=\"heading.default\">\n\t\t\t\t\t<h1 class=\"elementor-heading-title elementor-size-default\">Feuerwehr Waldb\u00fcttelbrunn<\/h1>\t\t\t\t<\/div>\n\t\t\t\t<div class=\"elementor-element elementor-element-b2ae864 elementor-widget elementor-widget-heading\" data-id=\"b2ae864\" data-element_type=\"widget\" data-e-type=\"widget\" data-widget_type=\"heading.default\">\n\t\t\t\t\t<h2 class=\"elementor-heading-title elementor-size-default\">Willkommen bei der Feuerwehr Waldb\u00fcttelbrunn<\/h2>\t\t\t\t<\/div>\n\t\t\t\t\t<\/div>\n\t\t<\/div>\n\t\t\t\t\t<\/div>\n\t\t<\/section>\n\t\t\t\t<section class=\"elementor-section elementor-top-section elementor-element elementor-element-9c372de elementor-section-boxed elementor-section-height-default elementor-section-height-default\" data-id=\"9c372de\" data-element_type=\"section\" data-e-type=\"section\">\n\t\t\t\t\t\t<div class=\"elementor-container elementor-column-gap-default\">\n\t\t\t\t\t<div class=\"elementor-column elementor-col-100 elementor-top-column elementor-element elementor-element-a8f283d\" data-id=\"a8f283d\" data-element_type=\"column\" data-e-type=\"column\">\n\t\t\t<div class=\"elementor-widget-wrap elementor-element-populated\">\n\t\t\t\t\t\t<div class=\"elementor-element elementor-element-6de767d elementor-widget elementor-widget-spacer\" data-id=\"6de767d\" data-element_type=\"widget\" data-e-type=\"widget\" data-widget_type=\"spacer.default\">\n\t\t\t\t\t\t\t<div class=\"elementor-spacer\">\n\t\t\t<div class=\"elementor-spacer-inner\"><\/div>\n\t\t<\/div>\n\t\t\t\t\t\t<\/div>\n\t\t\t\t<section class=\"elementor-section elementor-inner-section elementor-element elementor-element-f162c40 elementor-section-content-middle elementor-section-boxed elementor-section-height-default elementor-section-height-default\" data-id=\"f162c40\" data-element_type=\"section\" data-e-type=\"section\">\n\t\t\t\t\t\t<div class=\"elementor-container elementor-column-gap-no\">\n\t\t\t\t\t<div class=\"elementor-column elementor-col-50 elementor-inner-column elementor-element elementor-element-dacf0d5\" data-id=\"dacf0d5\" data-element_type=\"column\" data-e-type=\"column\">\n\t\t\t<div class=\"elementor-widget-wrap elementor-element-populated\">\n\t\t\t\t\t\t<div class=\"elementor-element elementor-element-692d71b elementor-widget elementor-widget-image\" data-id=\"692d71b\" data-element_type=\"widget\" data-e-type=\"widget\" data-widget_type=\"image.default\">\n\t\t\t\t\t\t\t\t\t\t\t\t\t\t\t<img fetchpriority=\"high\" decoding=\"async\" width=\"2400\" height=\"1125\" src=\"https:\/\/feuerwehr-waldbuettelbrunn.de\/wp-content\/uploads\/2018\/03\/gruppenfoto1_2011.jpg\" class=\"attachment-full size-full wp-image-43\" alt=\"\" srcset=\"https:\/\/feuerwehr-waldbuettelbrunn.de\/wp-content\/uploads\/2018\/03\/gruppenfoto1_2011.jpg 2400w, https:\/\/feuerwehr-waldbuettelbrunn.de\/wp-content\/uploads\/2018\/03\/gruppenfoto1_2011-300x141.jpg 300w, https:\/\/feuerwehr-waldbuettelbrunn.de\/wp-content\/uploads\/2018\/03\/gruppenfoto1_2011-768x360.jpg 768w, https:\/\/feuerwehr-waldbuettelbrunn.de\/wp-content\/uploads\/2018\/03\/gruppenfoto1_2011-1024x480.jpg 1024w\" sizes=\"(max-width: 2400px) 100vw, 2400px\" \/>\t\t\t\t\t\t\t\t\t\t\t\t\t\t\t<\/div>\n\t\t\t\t\t<\/div>\n\t\t<\/div>\n\t\t\t\t<div class=\"elementor-column elementor-col-50 elementor-inner-column elementor-element elementor-element-9a4d4d6\" data-id=\"9a4d4d6\" data-element_type=\"column\" data-e-type=\"column\">\n\t\t\t<div class=\"elementor-widget-wrap elementor-element-populated\">\n\t\t\t\t\t\t<div class=\"elementor-element elementor-element-34b29bf elementor-widget elementor-widget-spacer\" data-id=\"34b29bf\" data-element_type=\"widget\" data-e-type=\"widget\" data-widget_type=\"spacer.default\">\n\t\t\t\t\t\t\t<div class=\"elementor-spacer\">\n\t\t\t<div class=\"elementor-spacer-inner\"><\/div>\n\t\t<\/div>\n\t\t\t\t\t\t<\/div>\n\t\t\t\t<div class=\"elementor-element elementor-element-f680795 elementor-widget-divider--view-line elementor-widget elementor-widget-divider\" data-id=\"f680795\" data-element_type=\"widget\" data-e-type=\"widget\" data-widget_type=\"divider.default\">\n\t\t\t\t\t\t\t<div class=\"elementor-divider\">\n\t\t\t<span class=\"elementor-divider-separator\">\n\t\t\t\t\t\t<\/span>\n\t\t<\/div>\n\t\t\t\t\t\t<\/div>\n\t\t\t\t<div class=\"elementor-element elementor-element-0255a9f elementor-widget elementor-widget-heading\" data-id=\"0255a9f\" data-element_type=\"widget\" data-e-type=\"widget\" data-widget_type=\"heading.default\">\n\t\t\t\t\t<h2 class=\"elementor-heading-title elementor-size-default\">Willkommen<\/h2>\t\t\t\t<\/div>\n\t\t\t\t<div class=\"elementor-element elementor-element-1d444c1 elementor-widget elementor-widget-heading\" data-id=\"1d444c1\" data-element_type=\"widget\" data-e-type=\"widget\" data-widget_type=\"heading.default\">\n\t\t\t\t\t<p class=\"elementor-heading-title elementor-size-default\"><p style=\"margin: 0cm 0cm 15pt;background: white\"><span style=\"font-size:10.5pt;,sans-serif;color:#4A4A4A\">Die Feuerwehr ist der\nAnsprechpartner f\u00fcr unsere Mitb\u00fcrgerinnen und Mitb\u00fcrger in Not. Nur durch\nInnovation und Fortschritt ist die Feuerwehr heute in der Lage den gestiegenen\nAnspr\u00fcchen bei ihren Eins\u00e4tzen gerecht zu werden. Wir haben deshalb diese\nPr\u00e4sentation geschaffen, um unsere Mitglieder noch effektiver zu informieren.\nSicherlich finden auch nicht Feuerwehrangeh\u00f6rige Wissenswertes \u00fcber ihre\nFeuerwehr.<\/span><\/p>\n\n<p style=\"margin: 0cm 0cm 15pt;background: white\"><span style=\"font-size:10.5pt;,sans-serif;color:#4A4A4A\">Wir w\u00fcnschen Ihnen viel Spa\u00df beim Besuch unserer Homepage.<\/span><\/p>\n\n<\/p>\t\t\t\t<\/div>\n\t\t\t\t<div class=\"elementor-element elementor-element-e79a663 elementor-widget__width-initial elementor-widget elementor-widget-heading\" data-id=\"e79a663\" data-element_type=\"widget\" data-e-type=\"widget\" data-widget_type=\"heading.default\">\n\t\t\t\t\t<p class=\"elementor-heading-title elementor-size-default\"><h3 style=\"margin: 0cm 0cm 15pt;background: white\"><span style=\",sans-serif;color:#333333\">Folge uns auf Facebook und Instagram\n\n<\/span>\n\n<p class=\"MsoNormal\" style=\"background-image: initial;background-position: initial;background-size: initial;background-repeat: initial;background-attachment: initial\"><span style=\"font-size:10.5pt;line-height:107%;,serif;color:#4A4A4A\"><a href=\"https:\/\/de-de.facebook.com\/Freiwillige-Feuerwehr-Waldb%C3%BCttelbrunn-187780744639425\/\" target=\"_blank\"><span style=\"border-width: 1pt;border-style: none;border-color: windowtext;padding: 0cm\">facebook.com\/Freiwillige-Feuerwehr-Waldb\u00fcttelbrunn<\/span><\/a><\/span><\/p><\/h3><\/p>\t\t\t\t<\/div>\n\t\t\t\t<div class=\"elementor-element elementor-element-6574349 elementor-widget elementor-widget-spacer\" data-id=\"6574349\" data-element_type=\"widget\" data-e-type=\"widget\" data-widget_type=\"spacer.default\">\n\t\t\t\t\t\t\t<div class=\"elementor-spacer\">\n\t\t\t<div class=\"elementor-spacer-inner\"><\/div>\n\t\t<\/div>\n\t\t\t\t\t\t<\/div>\n\t\t\t\t\t<\/div>\n\t\t<\/div>\n\t\t\t\t\t<\/div>\n\t\t<\/section>\n\t\t\t\t<div class=\"elementor-element elementor-element-1f680d4 elementor-widget elementor-widget-spacer\" data-id=\"1f680d4\" data-element_type=\"widget\" data-e-type=\"widget\" data-widget_type=\"spacer.default\">\n\t\t\t\t\t\t\t<div class=\"elementor-spacer\">\n\t\t\t<div class=\"elementor-spacer-inner\"><\/div>\n\t\t<\/div>\n\t\t\t\t\t\t<\/div>\n\t\t\t\t<section class=\"elementor-section elementor-inner-section elementor-element elementor-element-31ee289 elementor-section-full_width elementor-section-height-default elementor-section-height-default\" data-id=\"31ee289\" data-element_type=\"section\" data-e-type=\"section\">\n\t\t\t\t\t\t<div class=\"elementor-container elementor-column-gap-default\">\n\t\t\t\t\t<div class=\"elementor-column elementor-col-100 elementor-inner-column elementor-element elementor-element-71d0f1b\" data-id=\"71d0f1b\" data-element_type=\"column\" data-e-type=\"column\" data-settings=\"{&quot;background_background&quot;:&quot;classic&quot;}\">\n\t\t\t<div class=\"elementor-widget-wrap elementor-element-populated\">\n\t\t\t\t\t\t<div class=\"elementor-element elementor-element-f5cac76 elementor-widget elementor-widget-heading\" data-id=\"f5cac76\" data-element_type=\"widget\" data-e-type=\"widget\" data-widget_type=\"heading.default\">\n\t\t\t\t\t<h2 class=\"elementor-heading-title elementor-size-default\">Kontakte<\/h2>\t\t\t\t<\/div>\n\t\t\t\t<div class=\"elementor-element elementor-element-db61acb elementor-widget__width-initial elementor-widget elementor-widget-heading\" data-id=\"db61acb\" data-element_type=\"widget\" data-e-type=\"widget\" data-widget_type=\"heading.default\">\n\t\t\t\t\t<p class=\"elementor-heading-title elementor-size-default\"><p style=\"margin: 0cm;background-image: initial;background-position: initial;background-size: initial;background-repeat: initial;background-attachment: initial\"><strong><u><span style=\"font-size: 10.5pt;, serif;border-width: 1pt;border-style: none;border-color: windowtext;padding: 0cm\">Kommandanten:<\/span><\/u><\/strong><span style=\"font-size:10.5pt;,serif;color:#4A4A4A\"><\/span><\/p>\n\n<p style=\"margin: 0cm;background-image: initial;background-position: initial;background-size: initial;background-repeat: initial;background-attachment: initial\"><strong><span style=\"font-size: 10.5pt;, serif;border-width: 1pt;border-style: none;border-color: windowtext;padding: 0cm\">Kommandant:<\/span><\/strong><span style=\"font-size:10.5pt;,serif;color:#4A4A4A\"><br>\nKommandant:<br>\n<a href=\"mailto:J.Fuchs@feuerwehr-waldbuettelbrunn.de\" style=\"cursor: pointer\"><span style=\"border-width: 1pt;border-style: none;border-color: windowtext;padding: 0cm\">Johannes Fuchs<\/span><\/a><br>\nSeeweg 21<br>\nTel. 0178\/3 69 63 39<\/span><\/p>\n\n<p style=\"margin: 0cm;background-image: initial;background-position: initial;background-size: initial;background-repeat: initial;background-attachment: initial\"><span style=\"font-size:10.5pt;,serif;color:#4A4A4A\">stellv.\nKommandant:<br>\n<a href=\"mailto:d.doeller@feuerwehr-waldbuettelbrunn.de\" style=\"cursor: pointer\"><span style=\"border-width: 1pt;border-style: none;border-color: windowtext;padding: 0cm\">D\u00f6ller Dominik<\/span><\/a><br>\nGrundweg 23<br>\nTel. 0170\/2 98 58 58<\/span><\/p>\n\n<p style=\"margin: 0cm;background-image: initial;background-position: initial;background-size: initial;background-repeat: initial;background-attachment: initial\"><span style=\"font-size:10.5pt;,serif;color:#4A4A4A\">stellv.\nKommandant:<br>\n<a href=\"mailto:K.Kiupel@feuerwehr-waldbuettelbrunn.de\" style=\"cursor: pointer\"><span style=\"border-width: 1pt;border-style: none;border-color: windowtext;padding: 0cm\">Kathleen Kiupel<\/span><\/a><br>\nTel. 0171\/14 455 95<\/span><\/p>\n\n<p style=\"margin: 0cm;background-image: initial;background-position: initial;background-size: initial;background-repeat: initial;background-attachment: initial\"><strong><u><span style=\"font-size: 10.5pt;, serif;border-width: 1pt;border-style: none;border-color: windowtext;padding: 0cm\">Vorstand:<\/span><\/u><\/strong><span style=\"font-size:10.5pt;,serif;color:#4A4A4A\"><\/span><\/p>\n\n<p style=\"margin: 0cm;background-image: initial;background-position: initial;background-size: initial;background-repeat: initial;background-attachment: initial\"><strong><span style=\"font-size: 10.5pt;, serif;border-width: 1pt;border-style: none;border-color: windowtext;padding: 0cm\">1. Vorsitzender<\/span><\/strong><span style=\"font-size:10.5pt;,serif;color:#4A4A4A\"><br>\n<a href=\"mailto:thomas.walter@feuerwehr-waldbuettelbrunn.de\" style=\"cursor: pointer\"><span style=\"border-width: 1pt;border-style: none;border-color: windowtext;padding: 0cm\">Walter Thomas<\/span><\/a><br>\nSeegarten 40a<br>\nTel. 0931\/407933<\/span><\/p>\n\n<p style=\"margin: 0cm;background-image: initial;background-position: initial;background-size: initial;background-repeat: initial;background-attachment: initial\"><strong><span style=\"font-size: 10.5pt;, serif;border-width: 1pt;border-style: none;border-color: windowtext;padding: 0cm\">2. Vorsitzender<\/span><\/strong><span style=\"font-size:10.5pt;,serif;color:#4A4A4A\"><br>\n<a href=\"mailto:andreas.huemmer@feuerwehr-waldbuettelbrunn.de\" style=\"cursor: pointer\"><span style=\"border-width: 1pt;border-style: none;border-color: windowtext;padding: 0cm\">H\u00fcmmer Andreas<\/span><\/a><br>\nAndreas-Bauer-Str. 8<br>\nTel. 0931\/406630<\/span><\/p>\n\n<p style=\"margin: 0cm;background-image: initial;background-position: initial;background-size: initial;background-repeat: initial;background-attachment: initial\"><strong><span style=\"font-size: 10.5pt;, serif;border-width: 1pt;border-style: none;border-color: windowtext;padding: 0cm\">Kassier<\/span><\/strong><span style=\"font-size:10.5pt;,serif;color:#4A4A4A\"><br>\n<a href=\"mailto:b-roos@arcor.de\" style=\"cursor: pointer\"><span style=\"border-width: 1pt;border-style: none;border-color: windowtext;padding: 0cm\">Bernd\nRoos<\/span><\/a><br>\nKarl-Lott-Stra\u00dfe<\/span><\/p>\n\n<p style=\"margin: 0cm;background-image: initial;background-position: initial;background-size: initial;background-repeat: initial;background-attachment: initial\"><strong><span style=\"font-size: 10.5pt;, serif;border-width: 1pt;border-style: none;border-color: windowtext;padding: 0cm\">Jugendwart<\/span><\/strong><span style=\"font-size:10.5pt;,serif;color:#4A4A4A\"><br>\n<a href=\"mailto:jfw@feuerwehr-waldbuettelbrunn.de\" style=\"cursor: pointer\"><span style=\"border-width: 1pt;border-style: none;border-color: windowtext;padding: 0cm\">Jessica Herget<\/span><\/a><\/span><\/p>\n\n<\/p>\t\t\t\t<\/div>\n\t\t\t\t\t<\/div>\n\t\t<\/div>\n\t\t\t\t\t<\/div>\n\t\t<\/section>\n\t\t\t\t<section class=\"elementor-section elementor-inner-section elementor-element elementor-element-576cdf8 elementor-section-boxed elementor-section-height-default elementor-section-height-default\" data-id=\"576cdf8\" data-element_type=\"section\" data-e-type=\"section\">\n\t\t\t\t\t\t<div class=\"elementor-container elementor-column-gap-default\">\n\t\t\t\t\t<div class=\"elementor-column elementor-col-50 elementor-inner-column elementor-element elementor-element-d75276e\" data-id=\"d75276e\" data-element_type=\"column\" data-e-type=\"column\">\n\t\t\t<div class=\"elementor-widget-wrap elementor-element-populated\">\n\t\t\t\t\t\t\t<\/div>\n\t\t<\/div>\n\t\t\t\t<div class=\"elementor-column elementor-col-50 elementor-inner-column elementor-element elementor-element-71e1b1e\" data-id=\"71e1b1e\" data-element_type=\"column\" data-e-type=\"column\">\n\t\t\t<div class=\"elementor-widget-wrap\">\n\t\t\t\t\t\t\t<\/div>\n\t\t<\/div>\n\t\t\t\t\t<\/div>\n\t\t<\/section>\n\t\t\t\t<div class=\"elementor-element elementor-element-c651c34 elementor-widget elementor-widget-spacer\" data-id=\"c651c34\" data-element_type=\"widget\" data-e-type=\"widget\" data-widget_type=\"spacer.default\">\n\t\t\t\t\t\t\t<div class=\"elementor-spacer\">\n\t\t\t<div class=\"elementor-spacer-inner\"><\/div>\n\t\t<\/div>\n\t\t\t\t\t\t<\/div>\n\t\t\t\t\t<\/div>\n\t\t<\/div>\n\t\t\t\t\t<\/div>\n\t\t<\/section>\n\t\t\t\t<\/div>\n\t\t","protected":false},"excerpt":{"rendered":"<p>Feuerwehr Waldb\u00fcttelbrunn Willkommen bei der Feuerwehr Waldb\u00fcttelbrunn Willkommen Die Feuerwehr ist der Ansprechpartner f\u00fcr unsere Mitb\u00fcrgerinnen und Mitb\u00fcrger in Not. Nur durch Innovation und Fortschritt ist die Feuerwehr heute in der Lage den gestiegenen Anspr\u00fcchen bei ihren Eins\u00e4tzen gerecht zu werden. Wir haben deshalb diese Pr\u00e4sentation geschaffen, um unsere Mitglieder noch effektiver zu informieren. Sicherlich [&hellip;]<\/p>\n","protected":false},"author":1,"featured_media":0,"parent":0,"menu_order":0,"comment_status":"closed","ping_status":"closed","template":"","meta":{"ocean_post_layout":"full-screen","ocean_both_sidebars_style":"","ocean_both_sidebars_content_width":0,"ocean_both_sidebars_sidebars_width":0,"ocean_sidebar":"0","ocean_second_sidebar":"0","ocean_disable_margins":"on","ocean_add_body_class":"","ocean_shortcode_before_top_bar":"","ocean_shortcode_after_top_bar":"","ocean_shortcode_before_header":"","ocean_shortcode_after_header":"","ocean_has_shortcode":"","ocean_shortcode_after_title":"","ocean_shortcode_before_footer_widgets":"","ocean_shortcode_after_footer_widgets":"","ocean_shortcode_before_footer_bottom":"","ocean_shortcode_after_footer_bottom":"","ocean_display_top_bar":"default","ocean_display_header":"default","ocean_header_style":"transparent","ocean_center_header_left_menu":"0","ocean_custom_header_template":"0","ocean_custom_logo":0,"ocean_custom_retina_logo":0,"ocean_custom_logo_max_width":0,"ocean_custom_logo_tablet_max_width":0,"ocean_custom_logo_mobile_max_width":0,"ocean_custom_logo_max_height":0,"ocean_custom_logo_tablet_max_height":0,"ocean_custom_logo_mobile_max_height":0,"ocean_header_custom_menu":"0","ocean_menu_typo_font_family":"0","ocean_menu_typo_font_subset":"","ocean_menu_typo_font_size":0,"ocean_menu_typo_font_size_tablet":0,"ocean_menu_typo_font_size_mobile":0,"ocean_menu_typo_font_size_unit":"px","ocean_menu_typo_font_weight":"","ocean_menu_typo_font_weight_tablet":"","ocean_menu_typo_font_weight_mobile":"","ocean_menu_typo_transform":"","ocean_menu_typo_transform_tablet":"","ocean_menu_typo_transform_mobile":"","ocean_menu_typo_line_height":0,"ocean_menu_typo_line_height_tablet":0,"ocean_menu_typo_line_height_mobile":0,"ocean_menu_typo_line_height_unit":"","ocean_menu_typo_spacing":0,"ocean_menu_typo_spacing_tablet":0,"ocean_menu_typo_spacing_mobile":0,"ocean_menu_typo_spacing_unit":"","ocean_menu_link_color":"#ffffff","ocean_menu_link_color_hover":"#6e8fef","ocean_menu_link_color_active":"#ffffff","ocean_menu_link_background":"","ocean_menu_link_hover_background":"","ocean_menu_link_active_background":"","ocean_menu_social_links_bg":"","ocean_menu_social_hover_links_bg":"","ocean_menu_social_links_color":"#ffffff","ocean_menu_social_hover_links_color":"#6e8fef","ocean_disable_title":"on","ocean_disable_heading":"default","ocean_post_title":"","ocean_post_subheading":"","ocean_post_title_style":"","ocean_post_title_background_color":"","ocean_post_title_background":0,"ocean_post_title_bg_image_position":"","ocean_post_title_bg_image_attachment":"","ocean_post_title_bg_image_repeat":"","ocean_post_title_bg_image_size":"","ocean_post_title_height":0,"ocean_post_title_bg_overlay":0.5,"ocean_post_title_bg_overlay_color":"","ocean_disable_breadcrumbs":"off","ocean_breadcrumbs_color":"","ocean_breadcrumbs_separator_color":"","ocean_breadcrumbs_links_color":"","ocean_breadcrumbs_links_hover_color":"","ocean_display_footer_widgets":"default","ocean_display_footer_bottom":"default","ocean_custom_footer_template":"0","footnotes":""},"class_list":["post-465","page","type-page","status-publish","hentry","entry"],"_links":{"self":[{"href":"https:\/\/feuerwehr-waldbuettelbrunn.de\/index.php?rest_route=\/wp\/v2\/pages\/465","targetHints":{"allow":["GET"]}}],"collection":[{"href":"https:\/\/feuerwehr-waldbuettelbrunn.de\/index.php?rest_route=\/wp\/v2\/pages"}],"about":[{"href":"https:\/\/feuerwehr-waldbuettelbrunn.de\/index.php?rest_route=\/wp\/v2\/types\/page"}],"author":[{"embeddable":true,"href":"https:\/\/feuerwehr-waldbuettelbrunn.de\/index.php?rest_route=\/wp\/v2\/users\/1"}],"replies":[{"embeddable":true,"href":"https:\/\/feuerwehr-waldbuettelbrunn.de\/index.php?rest_route=%2Fwp%2Fv2%2Fcomments&post=465"}],"version-history":[{"count":9,"href":"https:\/\/feuerwehr-waldbuettelbrunn.de\/index.php?rest_route=\/wp\/v2\/pages\/465\/revisions"}],"predecessor-version":[{"id":774,"href":"https:\/\/feuerwehr-waldbuettelbrunn.de\/index.php?rest_route=\/wp\/v2\/pages\/465\/revisions\/774"}],"wp:attachment":[{"href":"https:\/\/feuerwehr-waldbuettelbrunn.de\/index.php?rest_route=%2Fwp%2Fv2%2Fmedia&parent=465"}],"curies":[{"name":"wp","href":"https:\/\/api.w.org\/{rel}","templated":true}]}}