{"id":692,"date":"2022-04-25T02:33:57","date_gmt":"2022-04-25T02:33:57","guid":{"rendered":"https:\/\/architect.oceanwp.org\/?page_id=692"},"modified":"2026-04-03T15:57:15","modified_gmt":"2026-04-03T13:57:15","slug":"contact-us","status":"publish","type":"page","link":"https:\/\/feuerwehr-waldbuettelbrunn.de\/?page_id=692","title":{"rendered":"Contact Us"},"content":{"rendered":"\t\t<div data-elementor-type=\"wp-page\" data-elementor-id=\"692\" class=\"elementor elementor-692\">\n\t\t\t\t\t\t<section class=\"elementor-section elementor-top-section elementor-element elementor-element-c7bde32 elementor-section-height-min-height elementor-section-boxed elementor-section-height-default elementor-section-items-middle\" data-id=\"c7bde32\" data-element_type=\"section\" data-e-type=\"section\" data-settings=\"{&quot;background_background&quot;:&quot;classic&quot;}\">\n\t\t\t\t\t\t<div class=\"elementor-container elementor-column-gap-default\">\n\t\t\t\t\t<div class=\"elementor-column elementor-col-100 elementor-top-column elementor-element elementor-element-8ca406c\" data-id=\"8ca406c\" data-element_type=\"column\" data-e-type=\"column\">\n\t\t\t<div class=\"elementor-widget-wrap elementor-element-populated\">\n\t\t\t\t\t\t<div class=\"elementor-element elementor-element-fb64808 elementor-widget-divider--view-line elementor-widget elementor-widget-divider\" data-id=\"fb64808\" data-element_type=\"widget\" data-e-type=\"widget\" data-widget_type=\"divider.default\">\n\t\t\t\t\t\t\t<div class=\"elementor-divider\">\n\t\t\t<span class=\"elementor-divider-separator\">\n\t\t\t\t\t\t<\/span>\n\t\t<\/div>\n\t\t\t\t\t\t<\/div>\n\t\t\t\t<div class=\"elementor-element elementor-element-5c316fb elementor-widget elementor-widget-heading\" data-id=\"5c316fb\" data-element_type=\"widget\" data-e-type=\"widget\" data-widget_type=\"heading.default\">\n\t\t\t\t\t<h1 class=\"elementor-heading-title elementor-size-default\">Impressum und Datenschutz <\/h1>\t\t\t\t<\/div>\n\t\t\t\t\t<\/div>\n\t\t<\/div>\n\t\t\t\t\t<\/div>\n\t\t<\/section>\n\t\t\t\t<section class=\"elementor-section elementor-top-section elementor-element elementor-element-09c3594 elementor-section-boxed elementor-section-height-default elementor-section-height-default\" data-id=\"09c3594\" data-element_type=\"section\" data-e-type=\"section\">\n\t\t\t\t\t\t<div class=\"elementor-container elementor-column-gap-default\">\n\t\t\t\t\t<div class=\"elementor-column elementor-col-100 elementor-top-column elementor-element elementor-element-8671c65\" data-id=\"8671c65\" data-element_type=\"column\" data-e-type=\"column\">\n\t\t\t<div class=\"elementor-widget-wrap elementor-element-populated\">\n\t\t\t\t\t\t<div class=\"elementor-element elementor-element-94afbc1 elementor-widget elementor-widget-text-editor\" data-id=\"94afbc1\" data-element_type=\"widget\" data-e-type=\"widget\" data-widget_type=\"text-editor.default\">\n\t\t\t\t\t\t\t\t\t<p style=\"margin: 0cm 0cm 15pt; background: white;\"><span style=\"font-size:10.5pt;\nfont-family:&quot;inherit&quot;,serif;mso-bidi-font-family:&quot;Open Sans&quot;;color:#4A4A4A\">Freiwillige\nFeuerwehr Waldb\u00fcttelbrunn<o:p><\/o:p><\/span><\/p><p style=\"margin: 0cm; background: white;\"><span style=\"font-size:10.5pt;\nfont-family:&quot;inherit&quot;,serif;mso-bidi-font-family:&quot;Open Sans&quot;;color:#4A4A4A\">1.\nVorsitzender Thomas Walter<br>\n97279 Waldb\u00fcttelbrunn, Seegarten 40<br>\nTelefon +49 (0) 931 407933<br>\ne-mail:&nbsp;<a href=\"mailto:thomas.walter@feuerwehr-waldbuettelbrunn.de\" style=\"transition-property: all; cursor: pointer; text-underline-offset: 3px;\"><span style=\"color: rgb(51, 51, 51); border-width: 1pt; border-style: none; border-color: windowtext; padding: 0cm;\">thomas.walter@feuerwehr-waldbuettelbrunn.de<\/span><\/a><o:p><\/o:p><\/span><\/p><p style=\"margin: 0cm 0cm 15pt; background: white;\"><span style=\"font-size:10.5pt;font-family:&quot;inherit&quot;,serif;\nmso-bidi-font-family:&quot;Open Sans&quot;;color:#4A4A4A\">Haftung f\u00fcr Inhalte<o:p><\/o:p><\/span><\/p><p style=\"margin: 0cm 0cm 15pt; background: white;\"><span style=\"font-size:10.5pt;font-family:&quot;inherit&quot;,serif;\nmso-bidi-font-family:&quot;Open Sans&quot;;color:#4A4A4A\">Die Inhalte unserer Seiten\nwurden mit gr\u00f6\u00dfter Sorgfalt erstellt. F\u00fcr die Richtigkeit, Vollst\u00e4ndigkeit und\nAktualit\u00e4t der Inhalte k\u00f6nnen wir jedoch keine Gew\u00e4hr \u00fcbernehmen.<o:p><\/o:p><\/span><\/p><p style=\"margin: 0cm 0cm 15pt; background: white;\"><span style=\"font-size:10.5pt;font-family:&quot;inherit&quot;,serif;\nmso-bidi-font-family:&quot;Open Sans&quot;;color:#4A4A4A\">Als Diensteanbieter sind wir\ngem\u00e4\u00df \u00a7 7 Abs.1 TMG f\u00fcr eigene Inhalte auf diesen Seiten nach den allgemeinen\nGesetzen verantwortlich. Nach \u00a7\u00a7 8 bis 10 TMG sind wir als Diensteanbieter\njedoch nicht verpflichtet, \u00fcbermittelte oder gespeicherte fremde Informationen\nzu \u00fcberwachen oder nach Umst\u00e4nden zu forschen, die auf eine rechtswidrige\nT\u00e4tigkeit hinweisen. Verpflichtungen zur Entfernung oder Sperrung der Nutzung\nvon Informationen nach den allgemeinen Gesetzen bleiben hiervon unber\u00fchrt. Eine\ndiesbez\u00fcgliche Haftung ist jedoch erst ab dem Zeitpunkt der Kenntnis einer\nkonkreten Rechtsverletzung m\u00f6glich. Bei bekannt werden von entsprechenden\nRechtsverletzungen werden wir diese Inhalte umgehend entfernen.<o:p><\/o:p><\/span><\/p><p style=\"margin: 0cm 0cm 15pt; background: white;\"><span style=\"font-size:10.5pt;font-family:&quot;inherit&quot;,serif;\nmso-bidi-font-family:&quot;Open Sans&quot;;color:#4A4A4A\">Haftung f\u00fcr Links<o:p><\/o:p><\/span><\/p><p style=\"margin: 0cm 0cm 15pt; background: white;\"><span style=\"font-size:10.5pt;font-family:&quot;inherit&quot;,serif;\nmso-bidi-font-family:&quot;Open Sans&quot;;color:#4A4A4A\">Unser Angebot enth\u00e4lt Links zu\nexternen Webseiten Dritter, auf deren Inhalte wir keinen Einfluss haben.\nDeshalb k\u00f6nnen wir f\u00fcr diese fremden Inhalte auch keine Gew\u00e4hr \u00fcbernehmen. F\u00fcr\ndie Inhalte der verlinkten Seiten ist stets der jeweilige Anbieter oder\nBetreiber der Seiten verantwortlich. Die verlinkten Seiten wurden zum Zeitpunkt\nder Verlinkung auf m\u00f6gliche Rechtsverst\u00f6\u00dfe \u00fcberpr\u00fcft. Rechtswidrige Inhalte\nwaren zum Zeitpunkt der Verlinkung nicht erkennbar. Eine permanente inhaltliche\nKontrolle der verlinkten Seiten ist jedoch ohne konkrete Anhaltspunkte einer\nRechtsverletzung nicht zumutbar. Bei bekannt werden von Rechtsverletzungen\nwerden wir derartige Links umgehend entfernen.<br>\nUrheberrecht<o:p><\/o:p><\/span><\/p><p style=\"margin: 0cm 0cm 15pt; background: white;\"><span style=\"font-size:10.5pt;font-family:&quot;inherit&quot;,serif;\nmso-bidi-font-family:&quot;Open Sans&quot;;color:#4A4A4A\">Die durch die Seitenbetreiber\nerstellten Inhalte und Werke auf diesen Seiten unterliegen dem deutschen\nUrheberrecht. Beitr\u00e4ge Dritter sind als solche gekennzeichnet. Die\nVervielf\u00e4ltigung, Bearbeitung, Verbreitung und jede Art der Verwertung au\u00dferhalb\nder Grenzen des Urheberrechtes bed\u00fcrfen der schriftlichen Zustimmung des\njeweiligen Autors bzw. Erstellers. Downloads und Kopien dieser Seite sind nur\nf\u00fcr den privaten, nicht kommerziellen Gebrauch gestattet.<o:p><\/o:p><\/span><\/p><p style=\"margin: 0cm 0cm 15pt; background: white;\"><span style=\"font-size:10.5pt;font-family:&quot;inherit&quot;,serif;\nmso-bidi-font-family:&quot;Open Sans&quot;;color:#4A4A4A\">Die Betreiber der Seiten sind\nbem\u00fcht, stets die Urheberrechte anderer zu beachten bzw. auf selbst erstellte\nsowie lizenzfreie Werke zur\u00fcckzugreifen.<br>\nDatenschutz<o:p><\/o:p><\/span><\/p><p style=\"margin: 0cm 0cm 15pt; background: white;\"><span style=\"font-size:10.5pt;font-family:&quot;inherit&quot;,serif;\nmso-bidi-font-family:&quot;Open Sans&quot;;color:#4A4A4A\">Soweit auf unseren Seiten\npersonenbezogene Daten (beispielsweise Name, Anschrift oder eMail-Adressen)\nerhoben werden, erfolgt dies soweit m\u00f6glich stets auf freiwilliger Basis. Die\nNutzung der Angebote und Dienste ist, soweit m\u00f6glich, stets ohne Angabe\npersonenbezogener Daten m\u00f6glich.<o:p><\/o:p><\/span><\/p><p style=\"margin: 0cm 0cm 15pt; background: white;\"><span style=\"font-size:10.5pt;font-family:&quot;inherit&quot;,serif;\nmso-bidi-font-family:&quot;Open Sans&quot;;color:#4A4A4A\">Wir weisen darauf hin, dass die\nDaten\u00fcbertragung im Internet (z.B. bei der Kommunikation per E-Mail) Sicherheitsl\u00fccken\naufweisen kann. Ein l\u00fcckenloser Schutz der Daten vor dem Zugriff durch Dritte\nist nicht m\u00f6glich.<o:p><\/o:p><\/span><\/p><p style=\"margin: 0cm 0cm 15pt; background: white;\"><span style=\"font-size:10.5pt;font-family:&quot;inherit&quot;,serif;\nmso-bidi-font-family:&quot;Open Sans&quot;;color:#4A4A4A\">Der Nutzung von im Rahmen der\nImpressumspflicht ver\u00f6ffentlichten Kontaktdaten durch Dritte zur \u00dcbersendung\nvon nicht ausdr\u00fccklich angeforderter Werbung und Informationsmaterialien wird\nhiermit ausdr\u00fccklich widersprochen. Die Betreiber der Seiten behalten sich\nausdr\u00fccklich rechtliche Schritte im Falle der unverlangten Zusendung von\nWerbeinformationen, etwa durch Spam-Mails, vor<o:p><\/o:p><\/span><\/p><h2 style=\"margin: 0cm 0cm 15pt; background: white;\"><span style=\"font-size:15.0pt;line-height:107%;font-family:&quot;inherit&quot;,serif;\nmso-bidi-font-family:&quot;Open Sans&quot;;color:#333333\">Datenschutz<o:p><\/o:p><\/span><\/h2><p style=\"margin: 0cm 0cm 15pt; background: white;\"><span style=\"font-size:10.5pt;font-family:&quot;inherit&quot;,serif;\nmso-bidi-font-family:&quot;Open Sans&quot;;color:#4A4A4A\">Geltungsbereich<o:p><\/o:p><\/span><\/p><p style=\"margin: 0cm 0cm 15pt; background: white;\"><span style=\"font-size:10.5pt;font-family:&quot;inherit&quot;,serif;\nmso-bidi-font-family:&quot;Open Sans&quot;;color:#4A4A4A\">Diese Datenschutzerkl\u00e4rung soll\ndie Nutzer dieser Website gem\u00e4\u00df europ\u00e4schischer Datenschutzgrundverordnung\n(DSGVO) \u00fcber die Art, den Umfang und den Zweck der Erhebung und Verwendung\npersonenbezogener Daten durch den Websitebetreiber Freiwillige Feuerwehr, 97297\nWaldb\u00fcttelbrunn informieren. Der Websitebetreiber nimmt Ihren Datenschutz sehr\nernst und behandelt Ihre personenbezogenen Daten vertraulich und entsprechend\nder gesetzlichen Vorschriften. Bedenken Sie, dass die Daten\u00fcbertragung im\nInternet grunds\u00e4tzlich mit Sicherheitsl\u00fccken bedacht sein kann. Ein\nvollumf\u00e4nglicher Schutz vor dem Zugriff durch Fremde ist nicht realisierbar.<o:p><\/o:p><\/span><\/p><p style=\"margin: 0cm 0cm 15pt; background: white;\"><span style=\"font-size:10.5pt;font-family:&quot;inherit&quot;,serif;\nmso-bidi-font-family:&quot;Open Sans&quot;;color:#4A4A4A\">Verarbeitung personenbezogener\nDaten<o:p><\/o:p><\/span><\/p><p style=\"margin: 0cm 0cm 15pt; background: white;\"><span style=\"font-size:10.5pt;font-family:&quot;inherit&quot;,serif;\nmso-bidi-font-family:&quot;Open Sans&quot;;color:#4A4A4A\">Zugriffsdaten\/\nServer-Logdateien<o:p><\/o:p><\/span><\/p><p style=\"margin: 0cm 0cm 15pt; background: white;\"><span style=\"font-size:10.5pt;font-family:&quot;inherit&quot;,serif;\nmso-bidi-font-family:&quot;Open Sans&quot;;color:#4A4A4A\">Der Websitebetreiber bzw.\nSeitenprovider erhebt Daten \u00fcber Zugriffe auf die Seite und speichert diese als\n\u201eServer-Logfiles\u201c ab. Folgende Daten werden so protokolliert:<o:p><\/o:p><\/span><\/p><p style=\"margin: 0cm 0cm 15pt; background: white;\"><span style=\"font-size:10.5pt;font-family:&quot;inherit&quot;,serif;\nmso-bidi-font-family:&quot;Open Sans&quot;;color:#4A4A4A\">Besuchte Website<br>\nUhrzeit zum Zeitpunkt des Zugriffes<br>\nMenge der gesendeten Daten in Byte<br>\nQuelle\/Verweis, von welchem Sie auf die Seite gelangten<br>\nVerwendeter Browser<br>\nVerwendetes Betriebssystem<br>\nVerwendete IP-Adresse<o:p><\/o:p><\/span><\/p><p>\n\n\n\n\n\n\n\n\n\n\n\n\n\n\n\n\n\n\n\n\n\n\n\n\n\n\n\n\n\n\n\n\n\n\n\n\n\n<\/p><p style=\"margin: 0cm 0cm 15pt; background: white;\"><span style=\"font-size:10.5pt;font-family:&quot;inherit&quot;,serif;\nmso-bidi-font-family:&quot;Open Sans&quot;;color:#4A4A4A\">Die erhobenen Daten dienen\nlediglich statistischen Auswertungen und zur Verbesserung der Website. Der\nWebsitebetreiber beh\u00e4lt sich allerdings vor, die Server-Logfiles nachtr\u00e4glich\nzu \u00fcberpr\u00fcfen, sollten konkrete Anhaltspunkte auf eine rechtswidrige Nutzung\nhinweisen.<o:p><\/o:p><\/span><\/p>\t\t\t\t\t\t\t\t<\/div>\n\t\t\t\t\t<\/div>\n\t\t<\/div>\n\t\t\t\t\t<\/div>\n\t\t<\/section>\n\t\t\t\t<\/div>\n\t\t","protected":false},"excerpt":{"rendered":"<p>Impressum und Datenschutz Freiwillige Feuerwehr Waldb\u00fcttelbrunn 1. Vorsitzender Thomas Walter 97279 Waldb\u00fcttelbrunn, Seegarten 40 Telefon +49 (0) 931 407933 e-mail:&nbsp;thomas.walter@feuerwehr-waldbuettelbrunn.de Haftung f\u00fcr Inhalte Die Inhalte unserer Seiten wurden mit gr\u00f6\u00dfter Sorgfalt erstellt. F\u00fcr die Richtigkeit, Vollst\u00e4ndigkeit und Aktualit\u00e4t der Inhalte k\u00f6nnen wir jedoch keine Gew\u00e4hr \u00fcbernehmen. Als Diensteanbieter sind wir gem\u00e4\u00df \u00a7 7 Abs.1 TMG [&hellip;]<\/p>\n","protected":false},"author":1,"featured_media":0,"parent":0,"menu_order":0,"comment_status":"closed","ping_status":"closed","template":"","meta":{"ocean_post_layout":"full-screen","ocean_both_sidebars_style":"","ocean_both_sidebars_content_width":0,"ocean_both_sidebars_sidebars_width":0,"ocean_sidebar":"0","ocean_second_sidebar":"0","ocean_disable_margins":"on","ocean_add_body_class":"","ocean_shortcode_before_top_bar":"","ocean_shortcode_after_top_bar":"","ocean_shortcode_before_header":"","ocean_shortcode_after_header":"","ocean_has_shortcode":"","ocean_shortcode_after_title":"","ocean_shortcode_before_footer_widgets":"","ocean_shortcode_after_footer_widgets":"","ocean_shortcode_before_footer_bottom":"","ocean_shortcode_after_footer_bottom":"","ocean_display_top_bar":"default","ocean_display_header":"default","ocean_header_style":"transparent","ocean_center_header_left_menu":"0","ocean_custom_header_template":"0","ocean_custom_logo":0,"ocean_custom_retina_logo":0,"ocean_custom_logo_max_width":0,"ocean_custom_logo_tablet_max_width":0,"ocean_custom_logo_mobile_max_width":0,"ocean_custom_logo_max_height":0,"ocean_custom_logo_tablet_max_height":0,"ocean_custom_logo_mobile_max_height":0,"ocean_header_custom_menu":"0","ocean_menu_typo_font_family":"0","ocean_menu_typo_font_subset":"","ocean_menu_typo_font_size":0,"ocean_menu_typo_font_size_tablet":0,"ocean_menu_typo_font_size_mobile":0,"ocean_menu_typo_font_size_unit":"px","ocean_menu_typo_font_weight":"","ocean_menu_typo_font_weight_tablet":"","ocean_menu_typo_font_weight_mobile":"","ocean_menu_typo_transform":"","ocean_menu_typo_transform_tablet":"","ocean_menu_typo_transform_mobile":"","ocean_menu_typo_line_height":0,"ocean_menu_typo_line_height_tablet":0,"ocean_menu_typo_line_height_mobile":0,"ocean_menu_typo_line_height_unit":"","ocean_menu_typo_spacing":0,"ocean_menu_typo_spacing_tablet":0,"ocean_menu_typo_spacing_mobile":0,"ocean_menu_typo_spacing_unit":"","ocean_menu_link_color":"#ffffff","ocean_menu_link_color_hover":"#6e8fef","ocean_menu_link_color_active":"#ffffff","ocean_menu_link_background":"","ocean_menu_link_hover_background":"","ocean_menu_link_active_background":"","ocean_menu_social_links_bg":"","ocean_menu_social_hover_links_bg":"","ocean_menu_social_links_color":"#ffffff","ocean_menu_social_hover_links_color":"#6e8fef","ocean_disable_title":"on","ocean_disable_heading":"default","ocean_post_title":"","ocean_post_subheading":"","ocean_post_title_style":"","ocean_post_title_background_color":"","ocean_post_title_background":0,"ocean_post_title_bg_image_position":"","ocean_post_title_bg_image_attachment":"","ocean_post_title_bg_image_repeat":"","ocean_post_title_bg_image_size":"","ocean_post_title_height":0,"ocean_post_title_bg_overlay":0.5,"ocean_post_title_bg_overlay_color":"","ocean_disable_breadcrumbs":"off","ocean_breadcrumbs_color":"","ocean_breadcrumbs_separator_color":"","ocean_breadcrumbs_links_color":"","ocean_breadcrumbs_links_hover_color":"","ocean_display_footer_widgets":"default","ocean_display_footer_bottom":"default","ocean_custom_footer_template":"0","footnotes":""},"class_list":["post-692","page","type-page","status-publish","hentry","entry"],"_links":{"self":[{"href":"https:\/\/feuerwehr-waldbuettelbrunn.de\/index.php?rest_route=\/wp\/v2\/pages\/692","targetHints":{"allow":["GET"]}}],"collection":[{"href":"https:\/\/feuerwehr-waldbuettelbrunn.de\/index.php?rest_route=\/wp\/v2\/pages"}],"about":[{"href":"https:\/\/feuerwehr-waldbuettelbrunn.de\/index.php?rest_route=\/wp\/v2\/types\/page"}],"author":[{"embeddable":true,"href":"https:\/\/feuerwehr-waldbuettelbrunn.de\/index.php?rest_route=\/wp\/v2\/users\/1"}],"replies":[{"embeddable":true,"href":"https:\/\/feuerwehr-waldbuettelbrunn.de\/index.php?rest_route=%2Fwp%2Fv2%2Fcomments&post=692"}],"version-history":[{"count":6,"href":"https:\/\/feuerwehr-waldbuettelbrunn.de\/index.php?rest_route=\/wp\/v2\/pages\/692\/revisions"}],"predecessor-version":[{"id":782,"href":"https:\/\/feuerwehr-waldbuettelbrunn.de\/index.php?rest_route=\/wp\/v2\/pages\/692\/revisions\/782"}],"wp:attachment":[{"href":"https:\/\/feuerwehr-waldbuettelbrunn.de\/index.php?rest_route=%2Fwp%2Fv2%2Fmedia&parent=692"}],"curies":[{"name":"wp","href":"https:\/\/api.w.org\/{rel}","templated":true}]}}